{"id":77,"date":"2021-10-08T18:09:35","date_gmt":"2021-10-08T18:09:35","guid":{"rendered":"https:\/\/dev.sirkcollection.com\/?page_id=77"},"modified":"2023-05-17T16:21:32","modified_gmt":"2023-05-17T13:21:32","slug":"about-me","status":"publish","type":"page","link":"https:\/\/dev.sirkcollection.com\/et\/about-me\/","title":{"rendered":"Minust"},"content":{"rendered":"<style>.kb-row-layout-id_dcfb5f-71 > .kt-row-column-wrap{align-content:start;}:where(.kb-row-layout-id_dcfb5f-71 > .kt-row-column-wrap) > .wp-block-kadence-column{justify-content:start;}.kb-row-layout-id_dcfb5f-71 > .kt-row-column-wrap{column-gap:var(--global-kb-gap-md, 2rem);row-gap:var(--global-kb-gap-md, 2rem);padding-top:100px;padding-bottom:100px;grid-template-columns:minmax(0, 1fr);}.kb-row-layout-id_dcfb5f-71{background-image:url('https:\/\/dev.sirkcollection.com\/wp-content\/uploads\/2021\/10\/gb5a9a92c932e206d914ed246f9d3a28891d94c8be346128f7ad36429c097393265221c9306675b43ac7a6e9291c7e077_1280_nature.jpg');background-size:cover;background-position:center center;background-attachment:scroll;background-repeat:no-repeat;}.kb-row-layout-id_dcfb5f-71 > .kt-row-layout-overlay{opacity:0.22;background-color:var(--global-palette3, #1A202C);}@media all and (max-width: 1024px){.kb-row-layout-id_dcfb5f-71 > .kt-row-column-wrap{grid-template-columns:minmax(0, 1fr);}}@media all and (max-width: 767px){.kb-row-layout-id_dcfb5f-71 > .kt-row-column-wrap{grid-template-columns:minmax(0, 1fr);}}<\/style><div class=\"kb-row-layout-wrap kb-row-layout-id_dcfb5f-71 alignfull kt-row-has-bg wp-block-kadence-rowlayout\"><div class=\"kt-row-layout-overlay kt-row-overlay-normal\"><\/div><div class=\"kt-row-column-wrap kt-has-1-columns kt-row-layout-equal kt-tab-layout-inherit kt-mobile-layout-row kt-row-valign-top\">\n<style>.kadence-column_eb9603-1d > .kt-inside-inner-col,.kadence-column_eb9603-1d > .kt-inside-inner-col:before{border-top-left-radius:0px;border-top-right-radius:0px;border-bottom-right-radius:0px;border-bottom-left-radius:0px;}.kadence-column_eb9603-1d > .kt-inside-inner-col{column-gap:var(--global-kb-gap-sm, 1rem);}.kadence-column_eb9603-1d > .kt-inside-inner-col{flex-direction:column;}.kadence-column_eb9603-1d > .kt-inside-inner-col > .aligncenter{width:100%;}.kadence-column_eb9603-1d > .kt-inside-inner-col:before{opacity:0.3;}.kadence-column_eb9603-1d{position:relative;}@media all and (max-width: 1024px){.kadence-column_eb9603-1d > .kt-inside-inner-col{flex-direction:column;}}@media all and (max-width: 767px){.kadence-column_eb9603-1d > .kt-inside-inner-col{flex-direction:column;}}<\/style>\n<div class=\"wp-block-kadence-column kadence-column_eb9603-1d inner-column-1\"><div class=\"kt-inside-inner-col\"><style>.wp-block-kadence-advancedheading.kt-adv-heading_eee96c-71, .wp-block-kadence-advancedheading.kt-adv-heading_eee96c-71[data-kb-block=\"kb-adv-heading_eee96c-71\"]{text-align:center;font-size:43px;font-style:normal;}.wp-block-kadence-advancedheading.kt-adv-heading_eee96c-71 mark.kt-highlight, .wp-block-kadence-advancedheading.kt-adv-heading_eee96c-71[data-kb-block=\"kb-adv-heading_eee96c-71\"] mark.kt-highlight{font-style:normal;color:#f76a0c;-webkit-box-decoration-break:clone;box-decoration-break:clone;padding-top:0px;padding-right:0px;padding-bottom:0px;padding-left:0px;}<\/style>\n<h2 class=\"kt-adv-heading_eee96c-71 wp-block-kadence-advancedheading has-theme-palette-9-color has-text-color\" data-kb-block=\"kb-adv-heading_eee96c-71\">Minust<\/h2>\n<\/div><\/div>\n\n<\/div><\/div>\n\n<style>.kb-row-layout-id_877a83-68 > .kt-row-column-wrap{align-content:start;}:where(.kb-row-layout-id_877a83-68 > .kt-row-column-wrap) > .wp-block-kadence-column{justify-content:start;}.kb-row-layout-id_877a83-68 > .kt-row-column-wrap{column-gap:var(--global-kb-gap-md, 2rem);row-gap:var(--global-kb-gap-md, 2rem);padding-top:var(--global-kb-spacing-sm, 1.5rem);padding-bottom:var(--global-kb-spacing-sm, 1.5rem);grid-template-columns:minmax(0, 1fr);}.kb-row-layout-id_877a83-68 > .kt-row-layout-overlay{opacity:0.30;}@media all and (max-width: 1024px){.kb-row-layout-id_877a83-68 > .kt-row-column-wrap{grid-template-columns:minmax(0, 1fr);}}@media all and (max-width: 767px){.kb-row-layout-id_877a83-68 > .kt-row-column-wrap{grid-template-columns:minmax(0, 1fr);}}<\/style><div class=\"kb-row-layout-wrap kb-row-layout-id_877a83-68 alignnone wp-block-kadence-rowlayout\"><div class=\"kt-row-column-wrap kt-has-1-columns kt-row-layout-equal kt-tab-layout-inherit kt-mobile-layout-row kt-row-valign-top\">\n<style>.kadence-column_71259e-42 > .kt-inside-inner-col,.kadence-column_71259e-42 > .kt-inside-inner-col:before{border-top-left-radius:0px;border-top-right-radius:0px;border-bottom-right-radius:0px;border-bottom-left-radius:0px;}.kadence-column_71259e-42 > .kt-inside-inner-col{column-gap:var(--global-kb-gap-sm, 1rem);}.kadence-column_71259e-42 > .kt-inside-inner-col{flex-direction:column;}.kadence-column_71259e-42 > .kt-inside-inner-col > .aligncenter{width:100%;}.kadence-column_71259e-42 > .kt-inside-inner-col:before{opacity:0.3;}.kadence-column_71259e-42{position:relative;}@media all and (max-width: 1024px){.kadence-column_71259e-42 > .kt-inside-inner-col{flex-direction:column;}}@media all and (max-width: 767px){.kadence-column_71259e-42 > .kt-inside-inner-col{flex-direction:column;}}<\/style>\n<div class=\"wp-block-kadence-column kadence-column_71259e-42 inner-column-1\"><div class=\"kt-inside-inner-col\"><style>.kb-image_843a0f-5a.kb-image-is-ratio-size, .kb-image_843a0f-5a .kb-image-is-ratio-size{max-width:232px;width:100%;}.wp-block-kadence-column > .kt-inside-inner-col > .kb-image_843a0f-5a.kb-image-is-ratio-size, .wp-block-kadence-column > .kt-inside-inner-col > .kb-image_843a0f-5a .kb-image-is-ratio-size{align-self:unset;}.kb-image_843a0f-5a figure{max-width:232px;}.kb-image_843a0f-5a .image-is-svg, .kb-image_843a0f-5a .image-is-svg img{width:100%;}.kb-image_843a0f-5a .kb-image-has-overlay:after{opacity:0.3;}<\/style>\n<div class=\"wp-block-kadence-image kb-image_843a0f-5a\"><figure class=\"alignleft\"><img loading=\"lazy\" width=\"2154\" height=\"2560\" src=\"https:\/\/dev.sirkcollection.com\/wp-content\/uploads\/2023\/04\/20221003_175211-scaled.jpg\" alt=\"\" class=\"kb-img wp-image-616\" srcset=\"https:\/\/dev.sirkcollection.com\/wp-content\/uploads\/2023\/04\/20221003_175211-scaled.jpg 2154w, https:\/\/dev.sirkcollection.com\/wp-content\/uploads\/2023\/04\/20221003_175211-252x300.jpg 252w, https:\/\/dev.sirkcollection.com\/wp-content\/uploads\/2023\/04\/20221003_175211-862x1024.jpg 862w, https:\/\/dev.sirkcollection.com\/wp-content\/uploads\/2023\/04\/20221003_175211-768x913.jpg 768w, https:\/\/dev.sirkcollection.com\/wp-content\/uploads\/2023\/04\/20221003_175211-1292x1536.jpg 1292w, https:\/\/dev.sirkcollection.com\/wp-content\/uploads\/2023\/04\/20221003_175211-1723x2048.jpg 1723w\" sizes=\"auto, (max-width: 2154px) 100vw, 2154px\" \/><\/figure><\/div>\n\n\n\n<p>Mina olen Kairit Sirk,<br>olen kunstnik, looja ja Sirk Collectioni asutaja. Minu kireks on naturaalnahk ja sellest esemete valmistamine. Mulle meeldib \u00f6elda looja kuna igast riide- ja nahajupist olen suuteline midagi kokku meisterdama. Inspiratsiooni leian enda seest- koti loomisel lasen vaimule ennast juhtida, see on justkui v\u00e4ga loomulik protsess. Samuti inspireerun florast ja faunast(loodusest ja loomadest) seet\u00f5ttu kasutan ka oma loomingus v\u00e4eloomi ja- linde, v\u00e4es\u00fcmboleid ning elemente loodusest.<\/p>\n\n\n\n<p>&nbsp;<strong>Originaalsus ja ainulaadsus<\/strong>&#8211; on v\u00f5tmes\u00f5nad, mis minu toodetes on l\u00e4biv joon, k\u00f5ik tooted on olemuselt ainulaadsed oma disaini ja kasutusv\u00f5imaluste osas.<\/p>\n\n\n\n<p>&nbsp;<strong>Ilu ja praktilisus<\/strong>&#8211; oma t\u00f6\u00f6s kasutan ainult naturaalnahka erinevate disainelementidega, narmastega, neetidega- t\u00e4pselt nii nagu Sulle meeldib. Sama olulisele kohale j\u00e4\u00e4b praktilisus ja kasutajas\u00f5bralikkus- k\u00f5ik kotid on v\u00e4ga mugavad ning praktilised.<\/p>\n\n\n\n<p><strong>Sinu kott on sinu n\u00e4gu<\/strong>&#8211; Igal kliendil on oma n\u00e4gu ja olemus, mis v\u00e4ljendub ka tema maitses ja koti disainis. Minu jaoks on v\u00e4ga oluline kliendi rahulolu ning p\u00f5nevusega kuulan kliendi erisoove, mis m\u00f5tteis m\u00f5lguvad ning aitan kaasa leidmaks lahendusi nende teostamiseks.&nbsp;<\/p>\n\n\n\n<p><strong>V\u00e4iksem jalaj\u00e4lg ja looduss\u00f5bralikkus<\/strong>&#8211; oma t\u00f6\u00f6s kasutan ka suurtootjate ja t\u00f6\u00f6stuse nahaj\u00e4\u00e4ke. Minu jaoks on oluline hoida keskkonda ja jalaj\u00e4lge siin planeedil masstoodangu k\u00f5rval v\u00e4hendada.<\/p>\n\n\n\n<p>&nbsp;\u00d5mblemispisik on mul sees juba lapsest saati. Oma esimese tellimust\u00f6\u00f6 tegin 16.aastaselt, endale \u00f5mblesin riideid juba tunduvalt varem. Kasutasin kodust leitud v\u00f5i enda kapist seismaj\u00e4\u00e4nud riideid ja disainisin need \u00fcmber ning andsin uue elu.&nbsp;<\/p>\n\n\n\n<p>&nbsp;Nahast kottide \u00f5mblemiseni j\u00f5udsin peale \u00fchel festivalil k\u00e4imist. N\u00e4gin kuidas imeilusad trummid olid m\u00e4hitud r\u00e4tikusse v\u00f5i isegi kilekotti kuna Eesti turul ei olnud midagi leida. Pakkusin festivali korraldajale, kes meisterdab shamaanitrumme, et saaksin nahast imelisi kotte valmistada ja nii see alguse sai, juba 4 aastat tagasi. Selle aja jooksull oleme kotti koos arendanud ja t\u00e4iendanud, seni kui see sai kasutajas\u00f5bralikuks, mugavaks ja minu jaoks k\u00f5ige olulisem- et oleks ILUS.<\/p>\n<\/div><\/div>\n\n<\/div><\/div>","protected":false},"excerpt":{"rendered":"<p>Minust Mina olen Kairit Sirk,olen kunstnik, looja ja Sirk Collectioni asutaja. Minu kireks on naturaalnahk ja sellest esemete valmistamine. Mulle meeldib \u00f6elda looja kuna igast riide- ja nahajupist olen suuteline midagi kokku meisterdama. Inspiratsiooni leian enda seest- koti loomisel lasen vaimule ennast juhtida, see on justkui v\u00e4ga loomulik protsess. Samuti inspireerun florast ja faunast(loodusest ja&#8230;<\/p>\n","protected":false},"author":1,"featured_media":0,"parent":0,"menu_order":0,"comment_status":"closed","ping_status":"closed","template":"","meta":{"_kad_post_transparent":"default","_kad_post_title":"default","_kad_post_layout":"default","_kad_post_sidebar_id":"","_kad_post_content_style":"default","_kad_post_vertical_padding":"default","_kad_post_feature":"","_kad_post_feature_position":"","_kad_post_header":false,"_kad_post_footer":false,"footnotes":""},"class_list":["post-77","page","type-page","status-publish","hentry"],"_links":{"self":[{"href":"https:\/\/dev.sirkcollection.com\/et\/wp-json\/wp\/v2\/pages\/77","targetHints":{"allow":["GET"]}}],"collection":[{"href":"https:\/\/dev.sirkcollection.com\/et\/wp-json\/wp\/v2\/pages"}],"about":[{"href":"https:\/\/dev.sirkcollection.com\/et\/wp-json\/wp\/v2\/types\/page"}],"author":[{"embeddable":true,"href":"https:\/\/dev.sirkcollection.com\/et\/wp-json\/wp\/v2\/users\/1"}],"replies":[{"embeddable":true,"href":"https:\/\/dev.sirkcollection.com\/et\/wp-json\/wp\/v2\/comments?post=77"}],"version-history":[{"count":47,"href":"https:\/\/dev.sirkcollection.com\/et\/wp-json\/wp\/v2\/pages\/77\/revisions"}],"predecessor-version":[{"id":942,"href":"https:\/\/dev.sirkcollection.com\/et\/wp-json\/wp\/v2\/pages\/77\/revisions\/942"}],"wp:attachment":[{"href":"https:\/\/dev.sirkcollection.com\/et\/wp-json\/wp\/v2\/media?parent=77"}],"curies":[{"name":"wp","href":"https:\/\/api.w.org\/{rel}","templated":true}]}}