{"id":598,"date":"2023-04-14T10:30:56","date_gmt":"2023-04-14T10:30:56","guid":{"rendered":"https:\/\/dev.sirkcollection.com\/?page_id=598"},"modified":"2023-05-15T02:45:23","modified_gmt":"2023-05-14T23:45:23","slug":"other-products","status":"publish","type":"page","link":"https:\/\/dev.sirkcollection.com\/et\/other-products\/","title":{"rendered":"Muud tooted"},"content":{"rendered":"<style>.kb-row-layout-id_d4c6e9-df > .kt-row-column-wrap{align-content:start;}:where(.kb-row-layout-id_d4c6e9-df > .kt-row-column-wrap) > .wp-block-kadence-column{justify-content:start;}.kb-row-layout-id_d4c6e9-df > .kt-row-column-wrap{column-gap:var(--global-kb-gap-md, 2rem);row-gap:var(--global-kb-gap-md, 2rem);padding-top:100px;padding-bottom:100px;grid-template-columns:minmax(0, 1fr);}.kb-row-layout-id_d4c6e9-df{background-image:url('https:\/\/dev.sirkcollection.com\/wp-content\/uploads\/2021\/10\/gb5a9a92c932e206d914ed246f9d3a28891d94c8be346128f7ad36429c097393265221c9306675b43ac7a6e9291c7e077_1280_nature.jpg');background-size:cover;background-position:center center;background-attachment:scroll;background-repeat:no-repeat;}.kb-row-layout-id_d4c6e9-df > .kt-row-layout-overlay{opacity:0.22;background-color:var(--global-palette3, #1A202C);}@media all and (max-width: 1024px){.kb-row-layout-id_d4c6e9-df > .kt-row-column-wrap{grid-template-columns:minmax(0, 1fr);}}@media all and (max-width: 767px){.kb-row-layout-id_d4c6e9-df > .kt-row-column-wrap{grid-template-columns:minmax(0, 1fr);}}<\/style><div class=\"kb-row-layout-wrap kb-row-layout-id_d4c6e9-df alignfull kt-row-has-bg wp-block-kadence-rowlayout\"><div class=\"kt-row-layout-overlay kt-row-overlay-normal\"><\/div><div class=\"kt-row-column-wrap kt-has-1-columns kt-row-layout-equal kt-tab-layout-inherit kt-mobile-layout-row kt-row-valign-top\">\n<style>.kadence-column_9229af-89 > .kt-inside-inner-col,.kadence-column_9229af-89 > .kt-inside-inner-col:before{border-top-left-radius:0px;border-top-right-radius:0px;border-bottom-right-radius:0px;border-bottom-left-radius:0px;}.kadence-column_9229af-89 > .kt-inside-inner-col{column-gap:var(--global-kb-gap-sm, 1rem);}.kadence-column_9229af-89 > .kt-inside-inner-col{flex-direction:column;}.kadence-column_9229af-89 > .kt-inside-inner-col > .aligncenter{width:100%;}.kadence-column_9229af-89 > .kt-inside-inner-col:before{opacity:0.3;}.kadence-column_9229af-89{position:relative;}@media all and (max-width: 1024px){.kadence-column_9229af-89 > .kt-inside-inner-col{flex-direction:column;}}@media all and (max-width: 767px){.kadence-column_9229af-89 > .kt-inside-inner-col{flex-direction:column;}}<\/style>\n<div class=\"wp-block-kadence-column kadence-column_9229af-89 inner-column-1\"><div class=\"kt-inside-inner-col\"><style>.wp-block-kadence-advancedheading.kt-adv-heading_35bfbd-70, .wp-block-kadence-advancedheading.kt-adv-heading_35bfbd-70[data-kb-block=\"kb-adv-heading_35bfbd-70\"]{text-align:center;font-size:43px;font-style:normal;}.wp-block-kadence-advancedheading.kt-adv-heading_35bfbd-70 mark.kt-highlight, .wp-block-kadence-advancedheading.kt-adv-heading_35bfbd-70[data-kb-block=\"kb-adv-heading_35bfbd-70\"] mark.kt-highlight{font-style:normal;color:#f76a0c;-webkit-box-decoration-break:clone;box-decoration-break:clone;padding-top:0px;padding-right:0px;padding-bottom:0px;padding-left:0px;}<\/style>\n<h1 class=\"kt-adv-heading_35bfbd-70 wp-block-kadence-advancedheading has-theme-palette-9-color has-text-color\" data-kb-block=\"kb-adv-heading_35bfbd-70\">Muud tooted<\/h1>\n<\/div><\/div>\n\n<\/div><\/div>\n\n<style>.kb-row-layout-id_b8a139-a8 > .kt-row-column-wrap{align-content:start;}:where(.kb-row-layout-id_b8a139-a8 > .kt-row-column-wrap) > .wp-block-kadence-column{justify-content:start;}.kb-row-layout-id_b8a139-a8 > .kt-row-column-wrap{column-gap:var(--global-kb-gap-md, 2rem);row-gap:var(--global-kb-gap-md, 2rem);padding-top:var(--global-kb-spacing-sm, 1.5rem);padding-bottom:var(--global-kb-spacing-sm, 1.5rem);grid-template-columns:minmax(0, 1fr);}.kb-row-layout-id_b8a139-a8 > .kt-row-layout-overlay{opacity:0.30;}@media all and (max-width: 1024px){.kb-row-layout-id_b8a139-a8 > .kt-row-column-wrap{grid-template-columns:minmax(0, 1fr);}}@media all and (max-width: 767px){.kb-row-layout-id_b8a139-a8 > .kt-row-column-wrap{grid-template-columns:minmax(0, 1fr);}}<\/style><div class=\"kb-row-layout-wrap kb-row-layout-id_b8a139-a8 alignnone wp-block-kadence-rowlayout\"><div class=\"kt-row-column-wrap kt-has-1-columns kt-row-layout-equal kt-tab-layout-inherit kt-mobile-layout-row kt-row-valign-top\">\n<style>.kadence-column_0218ed-6b > .kt-inside-inner-col,.kadence-column_0218ed-6b > .kt-inside-inner-col:before{border-top-left-radius:0px;border-top-right-radius:0px;border-bottom-right-radius:0px;border-bottom-left-radius:0px;}.kadence-column_0218ed-6b > .kt-inside-inner-col{column-gap:var(--global-kb-gap-sm, 1rem);}.kadence-column_0218ed-6b > .kt-inside-inner-col{flex-direction:column;}.kadence-column_0218ed-6b > .kt-inside-inner-col > .aligncenter{width:100%;}.kadence-column_0218ed-6b > .kt-inside-inner-col:before{opacity:0.3;}.kadence-column_0218ed-6b{text-align:left;}.kadence-column_0218ed-6b{position:relative;}@media all and (max-width: 1024px){.kadence-column_0218ed-6b > .kt-inside-inner-col{flex-direction:column;}}@media all and (max-width: 767px){.kadence-column_0218ed-6b > .kt-inside-inner-col{flex-direction:column;}}<\/style>\n<div class=\"wp-block-kadence-column kadence-column_0218ed-6b kb-section-dir-vertical inner-column-1\"><div class=\"kt-inside-inner-col\"><style>.wp-block-kadence-advancedgallery .kb-gallery-type-grid.kb-gallery-id-_5cf881-1a{margin:-5px;}.kb-gallery-type-grid.kb-gallery-id-_5cf881-1a .kadence-blocks-gallery-item{padding:5px;}.kb-gallery-id-_5cf881-1a .kadence-blocks-gallery-item .kb-gal-image-radius{border-radius:0px 0px 0px 0px;;}<\/style><div class=\"kb-gallery-wrap-id-_5cf881-1a alignnone wp-block-kadence-advancedgallery\"><ul class=\"kb-gallery-ul kb-gallery-non-static kb-gallery-type-grid kb-gallery-id-_5cf881-1a kb-gallery-caption-style-bottom-hover kb-gallery-filter-none kb-gallery-magnific-init\" data-image-filter=\"none\" data-item-selector=\".kadence-blocks-gallery-item\" data-lightbox-caption=\"false\" data-columns-xxl=\"8\" data-columns-xl=\"8\" data-columns-md=\"8\" data-columns-sm=\"6\" data-columns-xs=\"4\" data-columns-ss=\"4\"><li class=\"kadence-blocks-gallery-item\"><div class=\"kadence-blocks-gallery-item-inner\"><figure class=\"kb-gallery-figure kb-gallery-item-has-link kadence-blocks-gallery-item-hide-caption\" \"><a href=\"https:\/\/dev.sirkcollection.com\/wp-content\/uploads\/2023\/04\/taro1-1-scaled.jpg\" class=\"kb-gallery-item-link\"  ><div class=\"kb-gal-image-radius\"><div class=\"kb-gallery-image-contain kadence-blocks-gallery-intrinsic kb-gallery-image-ratio-square kb-has-image-ratio-square\" ><img loading=\"lazy\" src=\"https:\/\/dev.sirkcollection.com\/wp-content\/uploads\/2023\/04\/taro1-1-954x1024.jpg\" width=\"954\" height=\"1024\" alt=\"\" data-full-image=\"https:\/\/dev.sirkcollection.com\/wp-content\/uploads\/2023\/04\/taro1-1-scaled.jpg\" data-light-image=\"https:\/\/dev.sirkcollection.com\/wp-content\/uploads\/2023\/04\/taro1-1-scaled.jpg\" data-id=\"644\" class=\"wp-image-644\" srcset=\"https:\/\/dev.sirkcollection.com\/wp-content\/uploads\/2023\/04\/taro1-1-954x1024.jpg 954w, https:\/\/dev.sirkcollection.com\/wp-content\/uploads\/2023\/04\/taro1-1-279x300.jpg 279w, https:\/\/dev.sirkcollection.com\/wp-content\/uploads\/2023\/04\/taro1-1-768x825.jpg 768w, https:\/\/dev.sirkcollection.com\/wp-content\/uploads\/2023\/04\/taro1-1-1430x1536.jpg 1430w, https:\/\/dev.sirkcollection.com\/wp-content\/uploads\/2023\/04\/taro1-1-1907x2048.jpg 1907w\" sizes=\"auto, (max-width: 954px) 100vw, 954px\" \/><\/div><\/div><\/a><\/figure><\/div><\/li><li class=\"kadence-blocks-gallery-item\"><div class=\"kadence-blocks-gallery-item-inner\"><figure class=\"kb-gallery-figure kb-gallery-item-has-link kadence-blocks-gallery-item-hide-caption\" \"><a href=\"https:\/\/dev.sirkcollection.com\/wp-content\/uploads\/2023\/04\/taro-2-1-scaled.jpg\" class=\"kb-gallery-item-link\"  ><div class=\"kb-gal-image-radius\"><div class=\"kb-gallery-image-contain kadence-blocks-gallery-intrinsic kb-gallery-image-ratio-square kb-has-image-ratio-square\" ><img loading=\"lazy\" src=\"https:\/\/dev.sirkcollection.com\/wp-content\/uploads\/2023\/04\/taro-2-1-944x1024.jpg\" width=\"944\" height=\"1024\" alt=\"\" data-full-image=\"https:\/\/dev.sirkcollection.com\/wp-content\/uploads\/2023\/04\/taro-2-1-scaled.jpg\" data-light-image=\"https:\/\/dev.sirkcollection.com\/wp-content\/uploads\/2023\/04\/taro-2-1-scaled.jpg\" data-id=\"643\" class=\"wp-image-643\" srcset=\"https:\/\/dev.sirkcollection.com\/wp-content\/uploads\/2023\/04\/taro-2-1-944x1024.jpg 944w, https:\/\/dev.sirkcollection.com\/wp-content\/uploads\/2023\/04\/taro-2-1-277x300.jpg 277w, https:\/\/dev.sirkcollection.com\/wp-content\/uploads\/2023\/04\/taro-2-1-768x833.jpg 768w, https:\/\/dev.sirkcollection.com\/wp-content\/uploads\/2023\/04\/taro-2-1-1416x1536.jpg 1416w, https:\/\/dev.sirkcollection.com\/wp-content\/uploads\/2023\/04\/taro-2-1-1888x2048.jpg 1888w\" sizes=\"auto, (max-width: 944px) 100vw, 944px\" \/><\/div><\/div><\/a><\/figure><\/div><\/li><li class=\"kadence-blocks-gallery-item\"><div class=\"kadence-blocks-gallery-item-inner\"><figure class=\"kb-gallery-figure kb-gallery-item-has-link kadence-blocks-gallery-item-hide-caption\" \"><a href=\"https:\/\/dev.sirkcollection.com\/wp-content\/uploads\/2023\/04\/floot3-1-scaled.jpg\" class=\"kb-gallery-item-link\"  ><div class=\"kb-gal-image-radius\"><div class=\"kb-gallery-image-contain kadence-blocks-gallery-intrinsic kb-gallery-image-ratio-square kb-has-image-ratio-square\" ><img loading=\"lazy\" src=\"https:\/\/dev.sirkcollection.com\/wp-content\/uploads\/2023\/04\/floot3-1-1024x1024.jpg\" width=\"1024\" height=\"1024\" alt=\"\" data-full-image=\"https:\/\/dev.sirkcollection.com\/wp-content\/uploads\/2023\/04\/floot3-1-scaled.jpg\" data-light-image=\"https:\/\/dev.sirkcollection.com\/wp-content\/uploads\/2023\/04\/floot3-1-scaled.jpg\" data-id=\"641\" class=\"wp-image-641\" srcset=\"https:\/\/dev.sirkcollection.com\/wp-content\/uploads\/2023\/04\/floot3-1-1024x1024.jpg 1024w, https:\/\/dev.sirkcollection.com\/wp-content\/uploads\/2023\/04\/floot3-1-300x300.jpg 300w, https:\/\/dev.sirkcollection.com\/wp-content\/uploads\/2023\/04\/floot3-1-150x150.jpg 150w, https:\/\/dev.sirkcollection.com\/wp-content\/uploads\/2023\/04\/floot3-1-768x768.jpg 768w, https:\/\/dev.sirkcollection.com\/wp-content\/uploads\/2023\/04\/floot3-1-1536x1536.jpg 1536w, https:\/\/dev.sirkcollection.com\/wp-content\/uploads\/2023\/04\/floot3-1-2048x2048.jpg 2048w\" sizes=\"auto, (max-width: 1024px) 100vw, 1024px\" \/><\/div><\/div><\/a><\/figure><\/div><\/li><li class=\"kadence-blocks-gallery-item\"><div class=\"kadence-blocks-gallery-item-inner\"><figure class=\"kb-gallery-figure kb-gallery-item-has-link kadence-blocks-gallery-item-hide-caption\" \"><a href=\"https:\/\/dev.sirkcollection.com\/wp-content\/uploads\/2023\/04\/floot2-1-scaled.jpg\" class=\"kb-gallery-item-link\"  ><div class=\"kb-gal-image-radius\"><div class=\"kb-gallery-image-contain kadence-blocks-gallery-intrinsic kb-gallery-image-ratio-square kb-has-image-ratio-square\" ><img loading=\"lazy\" src=\"https:\/\/dev.sirkcollection.com\/wp-content\/uploads\/2023\/04\/floot2-1-1024x1024.jpg\" width=\"1024\" height=\"1024\" alt=\"\" data-full-image=\"https:\/\/dev.sirkcollection.com\/wp-content\/uploads\/2023\/04\/floot2-1-scaled.jpg\" data-light-image=\"https:\/\/dev.sirkcollection.com\/wp-content\/uploads\/2023\/04\/floot2-1-scaled.jpg\" data-id=\"640\" class=\"wp-image-640\" srcset=\"https:\/\/dev.sirkcollection.com\/wp-content\/uploads\/2023\/04\/floot2-1-1024x1024.jpg 1024w, https:\/\/dev.sirkcollection.com\/wp-content\/uploads\/2023\/04\/floot2-1-300x300.jpg 300w, https:\/\/dev.sirkcollection.com\/wp-content\/uploads\/2023\/04\/floot2-1-150x150.jpg 150w, https:\/\/dev.sirkcollection.com\/wp-content\/uploads\/2023\/04\/floot2-1-768x768.jpg 768w, https:\/\/dev.sirkcollection.com\/wp-content\/uploads\/2023\/04\/floot2-1-1536x1536.jpg 1536w, https:\/\/dev.sirkcollection.com\/wp-content\/uploads\/2023\/04\/floot2-1-2048x2048.jpg 2048w\" sizes=\"auto, (max-width: 1024px) 100vw, 1024px\" \/><\/div><\/div><\/a><\/figure><\/div><\/li><li class=\"kadence-blocks-gallery-item\"><div class=\"kadence-blocks-gallery-item-inner\"><figure class=\"kb-gallery-figure kb-gallery-item-has-link kadence-blocks-gallery-item-hide-caption\" \"><a href=\"https:\/\/dev.sirkcollection.com\/wp-content\/uploads\/2023\/04\/floot1-1-scaled.jpg\" class=\"kb-gallery-item-link\"  ><div class=\"kb-gal-image-radius\"><div class=\"kb-gallery-image-contain kadence-blocks-gallery-intrinsic kb-gallery-image-ratio-square kb-has-image-ratio-square\" ><img loading=\"lazy\" src=\"https:\/\/dev.sirkcollection.com\/wp-content\/uploads\/2023\/04\/floot1-1-1024x1024.jpg\" width=\"1024\" height=\"1024\" alt=\"\" data-full-image=\"https:\/\/dev.sirkcollection.com\/wp-content\/uploads\/2023\/04\/floot1-1-scaled.jpg\" data-light-image=\"https:\/\/dev.sirkcollection.com\/wp-content\/uploads\/2023\/04\/floot1-1-scaled.jpg\" data-id=\"639\" class=\"wp-image-639\" srcset=\"https:\/\/dev.sirkcollection.com\/wp-content\/uploads\/2023\/04\/floot1-1-1024x1024.jpg 1024w, https:\/\/dev.sirkcollection.com\/wp-content\/uploads\/2023\/04\/floot1-1-300x300.jpg 300w, https:\/\/dev.sirkcollection.com\/wp-content\/uploads\/2023\/04\/floot1-1-150x150.jpg 150w, https:\/\/dev.sirkcollection.com\/wp-content\/uploads\/2023\/04\/floot1-1-768x768.jpg 768w, https:\/\/dev.sirkcollection.com\/wp-content\/uploads\/2023\/04\/floot1-1-1536x1536.jpg 1536w, https:\/\/dev.sirkcollection.com\/wp-content\/uploads\/2023\/04\/floot1-1-2048x2048.jpg 2048w\" sizes=\"auto, (max-width: 1024px) 100vw, 1024px\" \/><\/div><\/div><\/a><\/figure><\/div><\/li><li class=\"kadence-blocks-gallery-item\"><div class=\"kadence-blocks-gallery-item-inner\"><figure class=\"kb-gallery-figure kb-gallery-item-has-link kadence-blocks-gallery-item-hide-caption\" \"><a href=\"https:\/\/dev.sirkcollection.com\/wp-content\/uploads\/2023\/04\/received_3211364759077751-1.jpeg\" class=\"kb-gallery-item-link\"  ><div class=\"kb-gal-image-radius\"><div class=\"kb-gallery-image-contain kadence-blocks-gallery-intrinsic kb-gallery-image-ratio-square kb-has-image-ratio-square\" ><img loading=\"lazy\" src=\"https:\/\/dev.sirkcollection.com\/wp-content\/uploads\/2023\/04\/received_3211364759077751-1.jpeg\" width=\"720\" height=\"960\" alt=\"\" data-full-image=\"https:\/\/dev.sirkcollection.com\/wp-content\/uploads\/2023\/04\/received_3211364759077751-1.jpeg\" data-light-image=\"https:\/\/dev.sirkcollection.com\/wp-content\/uploads\/2023\/04\/received_3211364759077751-1.jpeg\" data-id=\"638\" class=\"wp-image-638\" srcset=\"https:\/\/dev.sirkcollection.com\/wp-content\/uploads\/2023\/04\/received_3211364759077751-1.jpeg 720w, https:\/\/dev.sirkcollection.com\/wp-content\/uploads\/2023\/04\/received_3211364759077751-1-225x300.jpeg 225w\" sizes=\"auto, (max-width: 720px) 100vw, 720px\" \/><\/div><\/div><\/a><\/figure><\/div><\/li><li class=\"kadence-blocks-gallery-item\"><div class=\"kadence-blocks-gallery-item-inner\"><figure class=\"kb-gallery-figure kb-gallery-item-has-link kadence-blocks-gallery-item-hide-caption\" \"><a href=\"https:\/\/dev.sirkcollection.com\/wp-content\/uploads\/2023\/04\/received_1135842390570756-1.jpeg\" class=\"kb-gallery-item-link\"  ><div class=\"kb-gal-image-radius\"><div class=\"kb-gallery-image-contain kadence-blocks-gallery-intrinsic kb-gallery-image-ratio-square kb-has-image-ratio-square\" ><img loading=\"lazy\" src=\"https:\/\/dev.sirkcollection.com\/wp-content\/uploads\/2023\/04\/received_1135842390570756-1-795x1024.jpeg\" width=\"795\" height=\"1024\" alt=\"\" data-full-image=\"https:\/\/dev.sirkcollection.com\/wp-content\/uploads\/2023\/04\/received_1135842390570756-1.jpeg\" data-light-image=\"https:\/\/dev.sirkcollection.com\/wp-content\/uploads\/2023\/04\/received_1135842390570756-1.jpeg\" data-id=\"637\" class=\"wp-image-637\" srcset=\"https:\/\/dev.sirkcollection.com\/wp-content\/uploads\/2023\/04\/received_1135842390570756-1-795x1024.jpeg 795w, https:\/\/dev.sirkcollection.com\/wp-content\/uploads\/2023\/04\/received_1135842390570756-1-233x300.jpeg 233w, https:\/\/dev.sirkcollection.com\/wp-content\/uploads\/2023\/04\/received_1135842390570756-1-768x989.jpeg 768w, https:\/\/dev.sirkcollection.com\/wp-content\/uploads\/2023\/04\/received_1135842390570756-1.jpeg 1118w\" sizes=\"auto, (max-width: 795px) 100vw, 795px\" \/><\/div><\/div><\/a><\/figure><\/div><\/li><li class=\"kadence-blocks-gallery-item\"><div class=\"kadence-blocks-gallery-item-inner\"><figure class=\"kb-gallery-figure kb-gallery-item-has-link kadence-blocks-gallery-item-hide-caption\" \"><a href=\"https:\/\/dev.sirkcollection.com\/wp-content\/uploads\/2023\/04\/received_428312355811799-1.jpeg\" class=\"kb-gallery-item-link\"  ><div class=\"kb-gal-image-radius\"><div class=\"kb-gallery-image-contain kadence-blocks-gallery-intrinsic kb-gallery-image-ratio-square kb-has-image-ratio-square\" ><img loading=\"lazy\" src=\"https:\/\/dev.sirkcollection.com\/wp-content\/uploads\/2023\/04\/received_428312355811799-1.jpeg\" width=\"960\" height=\"720\" alt=\"\" data-full-image=\"https:\/\/dev.sirkcollection.com\/wp-content\/uploads\/2023\/04\/received_428312355811799-1.jpeg\" data-light-image=\"https:\/\/dev.sirkcollection.com\/wp-content\/uploads\/2023\/04\/received_428312355811799-1.jpeg\" data-id=\"636\" class=\"wp-image-636\" srcset=\"https:\/\/dev.sirkcollection.com\/wp-content\/uploads\/2023\/04\/received_428312355811799-1.jpeg 960w, https:\/\/dev.sirkcollection.com\/wp-content\/uploads\/2023\/04\/received_428312355811799-1-300x225.jpeg 300w, https:\/\/dev.sirkcollection.com\/wp-content\/uploads\/2023\/04\/received_428312355811799-1-768x576.jpeg 768w\" sizes=\"auto, (max-width: 960px) 100vw, 960px\" \/><\/div><\/div><\/a><\/figure><\/div><\/li><\/ul><\/div>\n\n\n<p>Konkreetse hinnapakkumise teeme enne t\u00f6\u00f6ga alustamist. V\u00f5ta julgelt \u00fchendust!<\/p>\n\n\n\n<div class=\"wp-block-kadence-form kadence-form-_7235e2-9e kb-form-wrap\"><form class=\"kb-form\" action=\"\" method=\"post\"><div class=\"kadence-blocks-form-field kb-field-desk-width-100 kb-input-size-standard\"><label for=\"kb_field__7235e2-9e_0\">Nimi<\/label><input name=\"kb_field_0\" id=\"kb_field__7235e2-9e_0\" data-label=\"Nimi\" type=\"text\" placeholder=\"\" value=\"\" data-type=\"text\" class=\"kb-field kb-text-style-field kb-text-field kb-field-0\"\/><\/div><div class=\"kadence-blocks-form-field kb-form-field-1 kb-field-desk-width-100 kb-input-size-standard\"><label for=\"kb_field__7235e2-9e_1\">E-post<span class=\"required\">*<\/span><\/label><input name=\"kb_field_1\" id=\"kb_field__7235e2-9e_1\" data-label=\"E-post\" type=\"email\" placeholder=\"\" value=\"\" data-type=\"email\" class=\"kb-field kb-text-style-field kb-email-field kb-field-1\" data-required=\"yes\"\/><\/div><div class=\"kadence-blocks-form-field kb-form-field-2 kb-field-desk-width-100 kb-input-size-standard\"><label for=\"kb_field__7235e2-9e_2\">S\u00f5num<span class=\"required\">*<\/span><\/label><textarea name=\"kb_field_2\" id=\"kb_field__7235e2-9e_2\" data-label=\"S\u00f5num\" type=\"textarea\" placeholder=\"\" data-type=\"textarea\" class=\"kb-field kb-text-style-field kb-textarea-field kb-field-2\" rows=\"4\" data-required=\"yes\"><\/textarea><\/div><input type=\"hidden\" name=\"_kb_form_id\" value=\"_7235e2-9e\"\/><input type=\"hidden\" name=\"_kb_form_post_id\" value=\"598\"\/><input type=\"hidden\" name=\"action\" value=\"kb_process_ajax_submit\"\/><input class=\"kadence-blocks-field verify\" type=\"text\" name=\"_kb_verify_email\" autocomplete=\"new-password\" aria-hidden=\"true\" placeholder=\"Email\" tabindex=\"-1\" data-1p-ignore=\"true\" data-lpignore=\"true\" \/><div class=\"kadence-blocks-form-field kb-submit-field kb-field-desk-width-100\"><button class=\"kb-forms-submit button kb-button-size-standard kb-button-width-auto\">Saada<\/button><\/div><\/form><\/div>\n<noscript><div class=\"kadence-blocks-form-message kadence-blocks-form-warning\">Please enable JavaScript in your browser to submit the form<\/div><style>.kadence-form-_7235e2-9e .kadence-blocks-form-field.kb-submit-field { display: none; }<\/style><\/noscript><\/div><\/div>\n\n<\/div><\/div>","protected":false},"excerpt":{"rendered":"<p>Muud tooted Konkreetse hinnapakkumise teeme enne t\u00f6\u00f6ga alustamist. V\u00f5ta julgelt \u00fchendust!<\/p>\n","protected":false},"author":2,"featured_media":0,"parent":0,"menu_order":0,"comment_status":"closed","ping_status":"closed","template":"","meta":{"_kad_post_transparent":"","_kad_post_title":"","_kad_post_layout":"","_kad_post_sidebar_id":"","_kad_post_content_style":"","_kad_post_vertical_padding":"","_kad_post_feature":"","_kad_post_feature_position":"","_kad_post_header":false,"_kad_post_footer":false,"footnotes":""},"class_list":["post-598","page","type-page","status-publish","hentry"],"_links":{"self":[{"href":"https:\/\/dev.sirkcollection.com\/et\/wp-json\/wp\/v2\/pages\/598","targetHints":{"allow":["GET"]}}],"collection":[{"href":"https:\/\/dev.sirkcollection.com\/et\/wp-json\/wp\/v2\/pages"}],"about":[{"href":"https:\/\/dev.sirkcollection.com\/et\/wp-json\/wp\/v2\/types\/page"}],"author":[{"embeddable":true,"href":"https:\/\/dev.sirkcollection.com\/et\/wp-json\/wp\/v2\/users\/2"}],"replies":[{"embeddable":true,"href":"https:\/\/dev.sirkcollection.com\/et\/wp-json\/wp\/v2\/comments?post=598"}],"version-history":[{"count":13,"href":"https:\/\/dev.sirkcollection.com\/et\/wp-json\/wp\/v2\/pages\/598\/revisions"}],"predecessor-version":[{"id":922,"href":"https:\/\/dev.sirkcollection.com\/et\/wp-json\/wp\/v2\/pages\/598\/revisions\/922"}],"wp:attachment":[{"href":"https:\/\/dev.sirkcollection.com\/et\/wp-json\/wp\/v2\/media?parent=598"}],"curies":[{"name":"wp","href":"https:\/\/api.w.org\/{rel}","templated":true}]}}